{"id":1266,"date":"2023-08-18T21:38:20","date_gmt":"2023-08-18T21:38:20","guid":{"rendered":"https:\/\/xn--froyakips-l8a.fo\/?post_type=product&#038;p=1266"},"modified":"2023-11-04T14:12:41","modified_gmt":"2023-11-04T14:12:41","slug":"saltkips","status":"publish","type":"product","link":"https:\/\/xn--froyakips-l8a.fo\/en\/product\/saltkips\/","title":{"rendered":"Saltkips 20g"},"content":{"rendered":"<p>Kipsini eru framleidd \u00e1 virkinum \u00ed Oyndarfir\u00f0i.<\/p>","protected":false},"excerpt":{"rendered":"<p>Kipsini eru framleidd \u00e1 virkinum \u00ed Oyndarfir\u00f0i.<\/p>","protected":false},"featured_media":759,"template":"","meta":{"jetpack_post_was_ever_published":true},"product_cat":[21],"product_tag":[],"class_list":{"0":"post-1266","1":"product","2":"type-product","3":"status-publish","4":"has-post-thumbnail","6":"product_cat-saltkips","8":"first","9":"instock","10":"taxable","11":"shipping-taxable","12":"purchasable","13":"product-type-simple"},"jetpack_sharing_enabled":true,"_links":{"self":[{"href":"https:\/\/xn--froyakips-l8a.fo\/en\/wp-json\/wp\/v2\/product\/1266","targetHints":{"allow":["GET"]}}],"collection":[{"href":"https:\/\/xn--froyakips-l8a.fo\/en\/wp-json\/wp\/v2\/product"}],"about":[{"href":"https:\/\/xn--froyakips-l8a.fo\/en\/wp-json\/wp\/v2\/types\/product"}],"wp:featuredmedia":[{"embeddable":true,"href":"https:\/\/xn--froyakips-l8a.fo\/en\/wp-json\/wp\/v2\/media\/759"}],"wp:attachment":[{"href":"https:\/\/xn--froyakips-l8a.fo\/en\/wp-json\/wp\/v2\/media?parent=1266"}],"wp:term":[{"taxonomy":"product_cat","embeddable":true,"href":"https:\/\/xn--froyakips-l8a.fo\/en\/wp-json\/wp\/v2\/product_cat?post=1266"},{"taxonomy":"product_tag","embeddable":true,"href":"https:\/\/xn--froyakips-l8a.fo\/en\/wp-json\/wp\/v2\/product_tag?post=1266"}],"curies":[{"name":"wp","href":"https:\/\/api.w.org\/{rel}","templated":true}]}}