{"id":1251,"date":"2023-08-18T21:16:14","date_gmt":"2023-08-18T21:16:14","guid":{"rendered":"https:\/\/xn--froyakips-l8a.fo\/?post_type=product&#038;p=1251"},"modified":"2023-08-22T23:15:16","modified_gmt":"2023-08-22T23:15:16","slug":"2-500","status":"publish","type":"product","link":"https:\/\/xn--froyakips-l8a.fo\/en\/product\/2-500\/","title":{"rendered":"Support us with 2.500dkk"},"content":{"rendered":"<p>Sum takk fyri stu\u00f0ulin senda vit t\u00e6r 15 pk av f\u00f8royskum kipsi umframt tv\u00e6r sergj\u00f8rdar t-shirtir.<\/p>","protected":false},"excerpt":{"rendered":"<p>Sum takk fyri stu\u00f0ulin senda vit t\u00e6r 15 pk av f\u00f8royskum kipsi umframt tv\u00e6r sergj\u00f8rdar t-shirtir.<\/p>","protected":false},"featured_media":759,"template":"","meta":{"jetpack_post_was_ever_published":false},"product_cat":[20],"product_tag":[],"class_list":{"0":"post-1251","1":"product","2":"type-product","3":"status-publish","4":"has-post-thumbnail","6":"product_cat-studul","8":"first","9":"instock","10":"purchasable","11":"product-type-simple"},"jetpack_sharing_enabled":true,"_links":{"self":[{"href":"https:\/\/xn--froyakips-l8a.fo\/en\/wp-json\/wp\/v2\/product\/1251","targetHints":{"allow":["GET"]}}],"collection":[{"href":"https:\/\/xn--froyakips-l8a.fo\/en\/wp-json\/wp\/v2\/product"}],"about":[{"href":"https:\/\/xn--froyakips-l8a.fo\/en\/wp-json\/wp\/v2\/types\/product"}],"wp:featuredmedia":[{"embeddable":true,"href":"https:\/\/xn--froyakips-l8a.fo\/en\/wp-json\/wp\/v2\/media\/759"}],"wp:attachment":[{"href":"https:\/\/xn--froyakips-l8a.fo\/en\/wp-json\/wp\/v2\/media?parent=1251"}],"wp:term":[{"taxonomy":"product_cat","embeddable":true,"href":"https:\/\/xn--froyakips-l8a.fo\/en\/wp-json\/wp\/v2\/product_cat?post=1251"},{"taxonomy":"product_tag","embeddable":true,"href":"https:\/\/xn--froyakips-l8a.fo\/en\/wp-json\/wp\/v2\/product_tag?post=1251"}],"curies":[{"name":"wp","href":"https:\/\/api.w.org\/{rel}","templated":true}]}}