{"id":1397,"date":"2023-09-01T14:42:05","date_gmt":"2023-09-01T14:42:05","guid":{"rendered":"https:\/\/xn--froyakips-l8a.fo\/?page_id=1397"},"modified":"2023-09-12T19:48:03","modified_gmt":"2023-09-12T19:48:03","slug":"handilstreytir","status":"publish","type":"page","link":"https:\/\/xn--froyakips-l8a.fo\/en\/handilstreytir\/","title":{"rendered":"Terms and conditions"},"content":{"rendered":"<div data-elementor-type=\"wp-page\" data-elementor-id=\"1397\" class=\"elementor elementor-1397\">\n\t\t\t\t\t\t\t\t\t<section class=\"elementor-section elementor-top-section elementor-element elementor-element-o3cuv14 elementor-section-boxed elementor-section-height-default elementor-section-height-default wpr-particle-no wpr-jarallax-no wpr-parallax-no wpr-sticky-section-no\" data-id=\"o3cuv14\" data-element_type=\"section\" data-settings=\"{&quot;background_background&quot;:&quot;classic&quot;}\">\n\t\t\t\t\t\t<div class=\"elementor-container elementor-column-gap-no\">\n\t\t\t\t\t<div class=\"elementor-column elementor-col-100 elementor-top-column elementor-element elementor-element-0537fad\" data-id=\"0537fad\" data-element_type=\"column\">\n\t\t\t<div class=\"elementor-widget-wrap elementor-element-populated\">\n\t\t\t\t\t\t\t\t<section class=\"elementor-section elementor-inner-section elementor-element elementor-element-83ea149 elementor-section-content-middle elementor-reverse-mobile elementor-section-boxed elementor-section-height-default elementor-section-height-default wpr-particle-no wpr-jarallax-no wpr-parallax-no wpr-sticky-section-no\" data-id=\"83ea149\" data-element_type=\"section\">\n\t\t\t\t\t\t<div class=\"elementor-container elementor-column-gap-no\">\n\t\t\t\t\t<div class=\"elementor-column elementor-col-100 elementor-inner-column elementor-element elementor-element-6ce33a2\" data-id=\"6ce33a2\" data-element_type=\"column\">\n\t\t\t<div class=\"elementor-widget-wrap elementor-element-populated\">\n\t\t\t\t\t\t\t\t<div class=\"elementor-element elementor-element-bfb3b4a elementor-widget elementor-widget-heading\" data-id=\"bfb3b4a\" data-element_type=\"widget\" data-widget_type=\"heading.default\">\n\t\t\t\t<div class=\"elementor-widget-container\">\n\t\t\t<style>\/*! elementor - v3.16.0 - 09-10-2023 *\/\n.elementor-heading-title{padding:0;margin:0;line-height:1}.elementor-widget-heading .elementor-heading-title[class*=elementor-size-]>a{color:inherit;font-size:inherit;line-height:inherit}.elementor-widget-heading .elementor-heading-title.elementor-size-small{font-size:15px}.elementor-widget-heading .elementor-heading-title.elementor-size-medium{font-size:19px}.elementor-widget-heading .elementor-heading-title.elementor-size-large{font-size:29px}.elementor-widget-heading .elementor-heading-title.elementor-size-xl{font-size:39px}.elementor-widget-heading .elementor-heading-title.elementor-size-xxl{font-size:59px}<\/style><h3 class=\"elementor-heading-title elementor-size-default\"><br>S\u00f8la &amp; Handilstreytir<\/h3>\t\t<\/div>\n\t\t\t\t<\/div>\n\t\t\t\t<div class=\"elementor-element elementor-element-b7acbac elementor-widget elementor-widget-text-editor\" data-id=\"b7acbac\" data-element_type=\"widget\" data-widget_type=\"text-editor.default\">\n\t\t\t\t<div class=\"elementor-widget-container\">\n\t\t\t<style>\/*! elementor - v3.16.0 - 09-10-2023 *\/\n.elementor-widget-text-editor.elementor-drop-cap-view-stacked .elementor-drop-cap{background-color:#69727d;color:#fff}.elementor-widget-text-editor.elementor-drop-cap-view-framed .elementor-drop-cap{color:#69727d;border:3px solid;background-color:transparent}.elementor-widget-text-editor:not(.elementor-drop-cap-view-default) .elementor-drop-cap{margin-top:8px}.elementor-widget-text-editor:not(.elementor-drop-cap-view-default) .elementor-drop-cap-letter{width:1em;height:1em}.elementor-widget-text-editor .elementor-drop-cap{float:left;text-align:center;line-height:1;font-size:50px}.elementor-widget-text-editor .elementor-drop-cap-letter{display:inline-block}<\/style>\t\t\t\t<p><\/p>\n<p>Ni\u00f0anfyri kanst t\u00fa lesa treytirnar, sum eru galdandi vi\u00f0 b\u00edlegging \u00e1 F\u00f8royakips.fo.fo<\/p>\n<p><\/p>\n<p>1.B\u00edlegging \u00e1 F\u00f8royakips<\/p>\n<p>Keypasavtalan vi\u00f0 F\u00f8roya Kips er ikki bindandi, fyrr enn t\u00fa hevur m\u00f3ttiki\u00f0 eina b\u00edleggingarv\u00e1ttan fr\u00e1 F\u00f8roya Kips. F\u00f8roya Kips&nbsp;goymur ikki b\u00edleggingarv\u00e1ttanina aftan\u00e1 hon er send til kundan.<\/p>\n<p><\/p>\n<p>2. Pr\u00edsir<\/p>\n<p>25% MVG er \u00edrokna\u00f0 \u00f8llum pr\u00edsunum. Pr\u00edsirnir eru \u00ed donskum kr\u00f3num um einki anna\u00f0 er nevnt. Pr\u00edsinir eru bert galdandi \u00ed F\u00f8royum. Fyrivarni ver\u00f0ur tiki\u00f0 fyri \u2022 Kursbroytingum \u2022 force majeure \u2022 Veitingarfeilum \u2022 avgjaldsbroytingum \u2022 \u00fatseldum v\u00f8rum og t\u00f8ppifeilum.<\/p>\n<p><\/p>\n<p>3. S\u00f8la generelt<\/p>\n<p>Tann uppl\u00fdsti pr\u00edsurin \u00e1 b\u00edleggingart\u00ed\u00f0spunktinum, er tann galdandi pr\u00edsurin.<\/p>\n<p><\/p>\n<p>4. Veiting<br>Fyrivarni ver\u00f0ur tiki\u00f0 fyri \u00fatseldar v\u00f8rur og tarna veitingart\u00ed\u00f0 hj\u00e1 \u00fatvegarum hj\u00e1 F\u00f8roya Kips<\/p>\n<p><\/p>\n<p>5. \u00datkoyring<br>Veitingart\u00ed\u00f0in fyri \u00fatkoyring er vanliga upp til tveir dagar, sum skal leggjast afturat vanligu veitingart\u00ed\u00f0ini.<br>Pr\u00edsurin fyri \u00fatkoyring er treyta\u00f0ur av strekkinum, og ver\u00f0ur lagdur oman\u00e1 pr\u00edsin fyri ordran.<br><br><\/p>\n<p><\/p>\n<p>6. Striking av b\u00edlegging<br>Ynskir t\u00fa at strika eina b\u00edlegging, skalt t\u00fa seta teg beinlei\u00f0is \u00ed samband vi\u00f0 F\u00f8roya Kips umvegis telefon ella senda ein teldupost til kips@f\u00f8royakips.fo<\/p>\n<p><\/p>\n<p>7. Gjalding<\/p>\n<p>F\u00f8roya Kips bj\u00f3\u00f0ar hesar online gjalding m\u00f8guleikar: Visa \u2022 Visa \/ Dankort \u2022 Visa Electron \u2022 MasterCard \u2022 JCB \u2022 Maestro<\/p>\n<p>Upph\u00e6ddin ver\u00f0ur trekt av kortinum t\u00e1 b\u00edleggingin ver\u00f0ur avheinta\u00f0 ella avhenda\u00f0. T\u00f3 \u00ed seinasta lagi 30 dagar eftir at gjaldingin er framd.<\/p>\n<p><\/p>\n<p>8. Ert t\u00fa \u00ed iva<br>Um ta\u00f0 er eitt hv\u00f8rt t\u00fa ivast \u00ed, vi\u00f0m\u00e6lur F\u00f8roya Kips&nbsp;at t\u00fa setur teg \u00ed samband vi\u00f0 okkum umvegis mail til&nbsp;kips@f\u00f8royakips.fo ella umvegis telefon 589142.<\/p>\n<p><\/p>\n<p>9. I\u00f0ranarr\u00e6ttur<br>Ta\u00f0 er eingin i\u00f0ranarr\u00e6ttur \u00e1 matv\u00f8rur.<\/p>\n<p><\/p>\n<p>Eksternur pers\u00f3ndatapolitikkur<\/p>\n<p><\/p>\n<p>ALMENN UPPL\u00ddSING<\/p>\n<p><\/p>\n<p>Vi\u00f0 hesum pers\u00f3ndatapolitikkinum vilja vit uppl\u00fdsa, at F\u00f8roya Kips&nbsp;handfer t\u00ednar pers\u00f3nsuppl\u00fdsingar.<\/p>\n<p><\/p>\n<p>Ni\u00f0anfyri fara vit \u00ed stuttum \u00edgj\u00f8gnum teir pers\u00f3nsb\u00f3lkar, i\u00f0 vit handfara pers\u00f3nsuppl\u00fdsingar um, og hvussu vit handfara hesar uppl\u00fdsingar.<\/p>\n<p>S\u00ed\u00f0ani upppl\u00fdsa vit t\u00e6r t\u00edni r\u00e6ttindir og m\u00f8guleikar fyri at klaga \u00ed samband vi\u00f0 handfaringina av t\u00ednum pers\u00f3nsuppl\u00fdsingum.<\/p>\n<p><\/p>\n<p>PERS\u00d3NSUPPL\u00ddSINGAR<\/p>\n<p><\/p>\n<p>F\u00f8roya Kips vi\u00f0ger\u00f0 uppl\u00fdsingar um teg \u00ed samband vi\u00f0 keyp av okkara v\u00f8rum og t\u00e6nastum. T\u00fa ver\u00f0ur sum \u00fatgangspunkt bi\u00f0in um at veita navn, adressu, kontaktuppl\u00fdsingar og gjaldsuppl\u00fdsingar. Endam\u00e1li\u00f0 vi\u00f0 hesum er at avgrei\u00f0a veiting og gjalding \u00ed samband vi\u00f0 t\u00edtt keyp.<\/p>\n<p>Vi\u00f0ger\u00f0in av hesum uppl\u00fdsingum fevnir um at vi\u00f0komandi uppl\u00fdsingar, \u00ed samband vi\u00f0 fakturering, ver\u00f0a veittar til teir partar, sum \u00e1 ein ella annan h\u00e1tt hava \u00e1virkan \u00e1 ta\u00f0 einstaka gjaldi\u00f0. Millum anna\u00f0 peningastovnar, gjaldskortveitarar v.m.<\/p>\n<p>Hesir pers\u00f3nsuppl\u00fdsingar ver\u00f0a vi\u00f0gj\u00f8rdir \u00ed samband vi\u00f0 hv\u00f8rja einst\u00f8ku b\u00edlegging. Uppl\u00fdsingarnir ver\u00f0a s\u00ed\u00f0ani goymdir \u00ed okkara f\u00edggjar- og b\u00edleggingarskipan \u00ed 5 \u00e1r, vi\u00f0 t\u00ed fyri eyga at tryggja g\u00f3\u00f0skuna, kundat\u00e6nastuna og herumframt endugjaldskr\u00f8v, umv\u00e6lingar og umb\u00edleggingar. Heimas\u00ed\u00f0an hj\u00e1 fyrit\u00f8kuni br\u00fakar cookies sum skr\u00e1seta IP-adressuna, leitis\u00f8guna og l\u00edknandi, fyri at \u00f8kja um br\u00fakaraupplivingina, umframt fyri at granska atbur\u00f0arfer\u00f0ina \u00e1 s\u00ed\u00f0uni \u00ed samband vi\u00f0 markna\u00f0arf\u00f8ringina. T\u00fa kanst alt\u00ed\u00f0 velja cookies fr\u00e1 og sletta t\u00e6r cookies, sum longu eru goymdar. Vit v\u00edsa til cookiepoltikkin \u00e1 heimas\u00ed\u00f0uni. Um so er, at broytingar eru \u00ed samband vi\u00f0 endam\u00e1linum ella vi\u00f0ger\u00f0ini av t\u00ednum pers\u00f3nsuppl\u00fdsingum, f\u00e6rt t\u00fa eini bo\u00f0 um hetta.<br><\/p>\n<p><\/p>\n<p>SOSIALIR MI\u00d0LAR<\/p>\n<p><\/p>\n<p>\u00cd samband vi\u00f0 vitjan \u00e1 sosialu mi\u00f0lunum hj\u00e1 t\u00ed einkultu matstovuni\/handlinum, ver\u00f0a uppl\u00fdsingar heinta\u00f0ir, vi\u00f0gj\u00f8rdir og v\u00ed\u00f0arigivnir. Hetta kemur av at teir sosialu mi\u00f0larnir (Facebook, Instagram, LinkedIn osf) goyma cookies \u00e1 t\u00ednari teldu\/smartphone v.m.<\/p>\n<p><\/p>\n<p>Pers\u00f3nsuppl\u00fdsingar ver\u00f0a br\u00faktir av teimum sosialu mi\u00f0lunum fyri at optimera l\u00fdsingar, sum eru r\u00e6tta\u00f0ar \u00edm\u00f3ti t\u00e6r, og til greining og statistikk hj\u00e1 fyrit\u00f8kuni. Herumframt veita teir sosialu mi\u00f0larnir t\u00ednar pers\u00f3nsuppl\u00fdsingar til samstarvsfelagir.<\/p>\n<p>Pers\u00f3nsuppl\u00fdsingar ver\u00f0a heinta\u00f0ir \u00f3ans\u00e6\u00f0 um t\u00fa hevur ein vanga \u00e1 sosialu mi\u00f0lunum ella ikki. Cookies ver\u00f0a goymdar og eru aktivar \u00e1 t\u00ednari teldu\/snildfon\/teldli \u00ed 2 \u00e1r, uttan so t\u00fa sj\u00e1lv\/ur slettar cookies. Fyrit\u00f8kan hevur ikki \u00e1virkan \u00e1 cookies-politikkin hj\u00e1 sosialu mi\u00f0lunum.<\/p>\n<p>Teir sosialu mi\u00f0larnir veita harafturat statistikk ambo\u00f0, sum fyrit\u00f8kan kann br\u00faka til at optimera kundaupplivingina \u00e1 teimum sosialu mi\u00f0lunum. Fyrit\u00f8kan m\u00f3ttekur einans hesar uppl\u00fdsingar \u00ed anonymum formati.<\/p>\n<p>T\u00fa kanst alt\u00ed\u00f0 lesa cookies-politikkin hj\u00e1 fyrit\u00f8kuni. Hann er at s\u00edggja \u00e1 okkara heimas\u00ed\u00f0u.<\/p>\n<p><\/p>\n<p>T\u00cdNI R\u00c6TTINDI<\/p>\n<p><\/p>\n<p>\u00cd samband vi\u00f0 br\u00fak av t\u00ednum uppl\u00fdsingum, hevur t\u00fa fylgjandi r\u00e6ttindi:<\/p>\n<p><\/p>\n<p>R\u00e6tt til at f\u00e1a innlit \u00ed teimum uppl\u00fdsingum, sum eru heinta\u00f0ar<br>R\u00e6tt til at r\u00e6tta t\u00e6r uppl\u00fdsingar, sum eru heinta\u00f0ar<br>R\u00e6tt til at f\u00e1a teir heinta\u00f0u uppl\u00fdsingarnar \u00ed lesiligum formati<br>R\u00e6tt til at avmarka vi\u00f0ger\u00f0ina av teimum heinta\u00f0u uppl\u00fdsingunum<br>R\u00e6tt til at sletta t\u00e6r heinta\u00f0u uppl\u00fdsingarnar<br><br><\/p>\n<p><\/p>\n<p>Um t\u00fa vilt venda t\u00e6r til matstovuna\/fyrit\u00f8kuna, skulu fylgjandi kontaktuppl\u00fdsingar n\u00fdtast:<\/p>\n<p><\/p>\n<p>F\u00f8roya Kips<br><\/p>\n<p>Hoyv\u00edksvegur 51&nbsp; 100 T\u00f3rshavn F\u00f8royar<\/p>\n<p>V-tal: 681880<\/p>\n<p><\/p>\n<p>KLAGUR<\/p>\n<p><\/p>\n<p>Um so er, at t\u00fa hevur atfinningar vi\u00f0v\u00edkjandi n\u00f8krum av hesum upp\u00fdsingum, hevur t\u00fa m\u00f8guleika at klaga til D\u00e1taeftirliti\u00f0 vi\u00f0 at n\u00fdta fylgjandi kontaktuppl\u00fdsingar:<\/p>\n<p><\/p>\n<p>D\u00e1taeftirliti\u00f0 &nbsp; &nbsp; &nbsp; &nbsp;<\/p>\n<p><\/p>\n<p>Tinganes<\/p>\n<p>Postboks 300<\/p>\n<p>FO-110 T\u00f3rshavn<\/p>\n<p>Tlf.: (+298) 309100<\/p>\n<p>Teldupostur:dat@dat.fo<\/p>\t\t\t\t\t\t<\/div>\n\t\t\t\t<\/div>\n\t\t\t\t\t<\/div>\n\t\t<\/div>\n\t\t\t\t\t\t\t<\/div>\n\t\t<\/section>\n\t\t\t\t\t<\/div>\n\t\t<\/div>\n\t\t\t\t\t\t\t<\/div>\n\t\t<\/section>\n\t\t\t\t\t\t\t<\/div>","protected":false},"excerpt":{"rendered":"<p>S\u00f8la &amp; Handilstreytir Ni\u00f0anfyri kanst t\u00fa lesa treytirnar, sum eru galdandi vi\u00f0 b\u00edlegging \u00e1 F\u00f8royakips.fo.fo 1.B\u00edlegging \u00e1 F\u00f8royakips Keypasavtalan vi\u00f0 F\u00f8roya Kips [&hellip;]<\/p>","protected":false},"author":1,"featured_media":0,"parent":0,"menu_order":0,"comment_status":"closed","ping_status":"closed","template":"page-templates\/page_front-page.php","meta":{"jetpack_post_was_ever_published":false,"footnotes":""},"class_list":["post-1397","page","type-page","status-publish","hentry"],"jetpack_sharing_enabled":true,"_links":{"self":[{"href":"https:\/\/xn--froyakips-l8a.fo\/en\/wp-json\/wp\/v2\/pages\/1397","targetHints":{"allow":["GET"]}}],"collection":[{"href":"https:\/\/xn--froyakips-l8a.fo\/en\/wp-json\/wp\/v2\/pages"}],"about":[{"href":"https:\/\/xn--froyakips-l8a.fo\/en\/wp-json\/wp\/v2\/types\/page"}],"author":[{"embeddable":true,"href":"https:\/\/xn--froyakips-l8a.fo\/en\/wp-json\/wp\/v2\/users\/1"}],"replies":[{"embeddable":true,"href":"https:\/\/xn--froyakips-l8a.fo\/en\/wp-json\/wp\/v2\/comments?post=1397"}],"version-history":[{"count":10,"href":"https:\/\/xn--froyakips-l8a.fo\/en\/wp-json\/wp\/v2\/pages\/1397\/revisions"}],"predecessor-version":[{"id":1499,"href":"https:\/\/xn--froyakips-l8a.fo\/en\/wp-json\/wp\/v2\/pages\/1397\/revisions\/1499"}],"wp:attachment":[{"href":"https:\/\/xn--froyakips-l8a.fo\/en\/wp-json\/wp\/v2\/media?parent=1397"}],"curies":[{"name":"wp","href":"https:\/\/api.w.org\/{rel}","templated":true}]}}